{"id":7287,"date":"2025-09-23T11:35:34","date_gmt":"2025-09-23T09:35:34","guid":{"rendered":"https:\/\/www.bumacogroup.be\/?page_id=7287"},"modified":"2025-09-23T11:35:35","modified_gmt":"2025-09-23T09:35:35","slug":"bumaco-group-climatisation-pompe-a-chaleur-panneaux-solaires-et-sanitaires-a-rotselaar-et-environs","status":"publish","type":"page","link":"https:\/\/www.bumacogroup.be\/fr\/bumaco-group-airco-warmtepomp-zonnepanelen-en-sanitair-te-rotselaar-en-omgeving\/","title":{"rendered":"Bumaco Group: Airco, warmtepomp, zonnepanelen en sanitair te Rotselaar en omgeving"},"content":{"rendered":"<p>Le groupe Bumaco est depuis des ann\u00e9es une valeur s\u00fbre \u00e0 Rotselaar et dans la r\u00e9gion du Brabant flamand. Avec plus de 30 ans d'exp\u00e9rience, notre entreprise familiale garantit <strong>solutions techniques globales<\/strong> pour les particuliers, les entreprises et les organisations.<\/p>\n\n\n\n<p>Qu'il s'agisse d'installer un <strong>climatisation<\/strong>, l'installation d'un <strong>pompe \u00e0 chaleur<\/strong>, la conception d'un <strong>syst\u00e8me CVC<\/strong>, ou rendre votre logement plus durable avec <strong>panneaux solaires et batteries domestiques<\/strong>, Chez Bumaco Group, vous trouverez tout sous un m\u00eame toit.<\/p>\n\n\n\n<h2 class=\"wp-block-heading\">Nos services dans votre r\u00e9gion<\/h2>\n\n\n\n<p>\u2714\ufe0f <strong>Climatisation \u00e0 Rotselaar et dans le Brabant flamand<\/strong><br>Vous recherchez la fra\u00eecheur en \u00e9t\u00e9 ou une chaleur agr\u00e9able en hiver ? Nos sp\u00e9cialistes en climatisation installent et entretiennent des syst\u00e8mes parfaitement adapt\u00e9s \u00e0 votre habitation ou \u00e0 votre bureau.<\/p>\n\n\n\n<p>\u2714\ufe0f <strong>Pompes \u00e0 chaleur et chauffage durable<\/strong><br>Nous vous aidons \u00e0 passer \u00e0 un chauffage \u00e9conome en \u00e9nergie gr\u00e2ce \u00e0 des pompes \u00e0 chaleur sur mesure, id\u00e9ales pour ceux qui souhaitent r\u00e9duire leurs d\u00e9penses \u00e9nerg\u00e9tiques et contribuer \u00e0 un avenir plus vert.<\/p>\n\n\n\n<p>\u2714\ufe0f <strong>Panneaux solaires et batteries domestiques \u00e0 Rotselaar<\/strong><br>Tirez le meilleur parti du soleil ! Nos experts vous conseillent et installent des panneaux solaires \u00e9quip\u00e9s de batteries domestiques intelligentes afin que vous puissiez exploiter au mieux votre propre \u00e9nergie.<\/p>\n\n\n\n<p>\u2714\ufe0f <strong>Installations sanitaires et techniques<\/strong><br>De la r\u00e9novation compl\u00e8te de salles de bains aux installations industrielles : nous allions savoir-faire et service fiable.<\/p>\n\n\n\n<h2 class=\"wp-block-heading\">Pourquoi choisir le groupe Bumaco ?<\/h2>\n\n\n\n<ul class=\"wp-block-list\">\n<li><strong>Point de contact local \u00e0 Rotselaar<\/strong>: toujours \u00e0 proximit\u00e9.<\/li>\n\n\n\n<li><strong>Entreprise familiale<\/strong> avec plus de 30 ans d'exp\u00e9rience.<\/li>\n\n\n\n<li><strong>Un seul partenaire pour toutes les techniques<\/strong>: du chauffage, ventilation et climatisation aux \u00e9nergies renouvelables.<\/li>\n\n\n\n<li><strong>Membre d'un groupe solide<\/strong>: Bumaco Group est la solution technique compl\u00e8te.<\/li>\n<\/ul>\n\n\n\n<h2 class=\"wp-block-heading\">Actif dans toute la r\u00e9gion<\/h2>\n\n\n\n<p>En plus de notre si\u00e8ge social \u00e0 <strong>Rotselaar<\/strong>, nous sommes actifs quotidiennement dans des villes telles que <strong>Louvain, Aarschot, Diest, Malines, Tirlemont<\/strong> et, par extension, toute la Flandre. Vous \u00eates ainsi assur\u00e9 d'un service rapide, o\u00f9 que vous habitiez.<\/p>\n\n\n\n<p>Vous souhaitez savoir ce que nous pouvons faire pour vous ?<br>Contactez-nous d\u00e8s aujourd'hui <strong>Groupe Bumaco Rotselaar<\/strong> et d\u00e9couvrez comment nous pouvons rendre votre habitation ou votre entreprise pr\u00eate pour l'avenir.<\/p>","protected":false},"excerpt":{"rendered":"<p>Bumaco Group is al jarenlang een vaste waarde in Rotselaar en de ruime regio Vlaams-Brabant. Met meer dan 30 jaar ervaring staat ons familiebedrijf garant voor technische totaaloplossingen voor particulieren, bedrijven en organisaties. Of het nu gaat om het installeren van een airco, het plaatsen van een warmtepomp, het ontwerpen van een volledig HVAC-systeem, of [&hellip;]<\/p>\n","protected":false},"author":7,"featured_media":7290,"parent":0,"menu_order":0,"comment_status":"closed","ping_status":"closed","template":"","meta":{"_seopress_robots_primary_cat":"","_seopress_titles_title":"","_seopress_titles_desc":"","_seopress_robots_index":"","iawp_total_views":78,"footnotes":""},"type-header":[],"class_list":["post-7287","page","type-page","status-publish","has-post-thumbnail","hentry"],"_links":{"self":[{"href":"https:\/\/www.bumacogroup.be\/fr\/wp-json\/wp\/v2\/pages\/7287","targetHints":{"allow":["GET"]}}],"collection":[{"href":"https:\/\/www.bumacogroup.be\/fr\/wp-json\/wp\/v2\/pages"}],"about":[{"href":"https:\/\/www.bumacogroup.be\/fr\/wp-json\/wp\/v2\/types\/page"}],"author":[{"embeddable":true,"href":"https:\/\/www.bumacogroup.be\/fr\/wp-json\/wp\/v2\/users\/7"}],"replies":[{"embeddable":true,"href":"https:\/\/www.bumacogroup.be\/fr\/wp-json\/wp\/v2\/comments?post=7287"}],"version-history":[{"count":1,"href":"https:\/\/www.bumacogroup.be\/fr\/wp-json\/wp\/v2\/pages\/7287\/revisions"}],"predecessor-version":[{"id":7291,"href":"https:\/\/www.bumacogroup.be\/fr\/wp-json\/wp\/v2\/pages\/7287\/revisions\/7291"}],"wp:featuredmedia":[{"embeddable":true,"href":"https:\/\/www.bumacogroup.be\/fr\/wp-json\/wp\/v2\/media\/7290"}],"wp:attachment":[{"href":"https:\/\/www.bumacogroup.be\/fr\/wp-json\/wp\/v2\/media?parent=7287"}],"wp:term":[{"taxonomy":"type-header","embeddable":true,"href":"https:\/\/www.bumacogroup.be\/fr\/wp-json\/wp\/v2\/type-header?post=7287"}],"curies":[{"name":"wp","href":"https:\/\/api.w.org\/{rel}","templated":true}]}}