{"id":6922,"date":"2025-04-09T16:27:47","date_gmt":"2025-04-09T14:27:47","guid":{"rendered":"https:\/\/www.bumacogroup.be\/?page_id=6922"},"modified":"2025-04-09T17:00:11","modified_gmt":"2025-04-09T15:00:11","slug":"travailler-au-sein-du-groupe-bumaco-un-emploi-davenir","status":"publish","type":"page","link":"https:\/\/www.bumacogroup.be\/fr\/werken-bij-bumaco-group-een-job-met-toekomst\/","title":{"rendered":"Werken bij Bumaco Group: een job met toekomst"},"content":{"rendered":"<p>Vous \u00eates \u00e0 la recherche d'un emploi d'avenir dans le secteur technique ? Dans ce cas <strong>Groupe Bumaco<\/strong>. Nous sommes une entreprise familiale en pleine expansion, active dans tous les domaines de l'ing\u00e9nierie : CVC, plomberie, \u00e9lectricit\u00e9, cuisines, etc. Avec des succursales dans toute la Flandre et une \u00e9quipe de plus de 500 employ\u00e9s, nous sommes toujours \u00e0 la recherche de nouveaux talents.<\/p>\n\n\n\n<h3 class=\"wp-block-heading\">Pourquoi choisir Bumaco ?<\/h3>\n\n\n\n<p>Au sein du groupe Bumaco, il s'agit de <strong>artisanat<\/strong>, <strong>l'esprit d'\u00e9quipe<\/strong> et <strong>croissance<\/strong>. Que vous soyez fra\u00eechement sorti de l'\u00e9cole ou que vous ayez des ann\u00e9es d'exp\u00e9rience, nous vous offrons des opportunit\u00e9s sur mesure. En tant qu'entreprise familiale, nous attachons une grande importance \u00e0 une bonne ambiance de travail et \u00e0 des lignes de communication courtes. Vous rejoindrez une entreprise o\u00f9 les coll\u00e8gues se connaissent vraiment et o\u00f9 votre contribution compte.<\/p>\n\n\n\n<p>Ce que nous vous offrons :<\/p>\n\n\n\n<ul class=\"wp-block-list\">\n<li>Un travail vari\u00e9 avec des responsabilit\u00e9s<\/li>\n\n\n\n<li>Formation en cours d'emploi et possibilit\u00e9s d'avancement<\/li>\n\n\n\n<li>Un environnement de travail stable dans une entreprise solide et saine<\/li>\n\n\n\n<li>Respecter l'\u00e9quilibre entre vie professionnelle et vie priv\u00e9e<\/li>\n\n\n\n<li>Un salaire attractif, compl\u00e9t\u00e9 par des avantages extral\u00e9gaux<\/li>\n<\/ul>\n\n\n\n<div class=\"wp-block-buttons is-content-justification-center is-layout-flex wp-container-core-buttons-is-layout-a89b3969 wp-block-buttons-is-layout-flex\">\n<div class=\"wp-block-button\"><a class=\"wp-block-button__link wp-element-button\" href=\"http:\/\/www.bumacogroup.be\/fr\/emplois\/\">Postes vacants<\/a><\/div>\n<\/div>\n\n\n\n<h3 class=\"wp-block-heading\">Postes vacants en ing\u00e9nierie et autres<\/h3>\n\n\n\n<p>Le groupe Bumaco est toujours \u00e0 la recherche de coll\u00e8gues motiv\u00e9s dans diff\u00e9rents domaines :<\/p>\n\n\n\n<ul class=\"wp-block-list\">\n<li><strong>Techniciens de maintenance en CVC<\/strong> (chauffage, ventilation, refroidissement)<\/li>\n\n\n\n<li><strong>\u00c9lectriciens <\/strong><\/li>\n\n\n\n<li><strong>Installateurs sanitaires<\/strong><\/li>\n\n\n\n<li><strong>Gestionnaires de projets et de sites<\/strong><\/li>\n\n\n\n<li><strong>Talents logistiques<\/strong> et <strong>profils administratifs<\/strong><\/li>\n<\/ul>\n\n\n\n<p>Que vous soyez un technicien chevronn\u00e9 ou que vous sortiez tout juste de l'\u00e9cole, chez Bumaco, vous aurez la possibilit\u00e9 de vous perfectionner.<\/p>\n\n\n\n<h3 class=\"wp-block-heading\">Travailler dans une entreprise familiale avec une vision<\/h3>\n\n\n\n<p>Chez nous, vous n'\u00eates pas un num\u00e9ro. Nous croyons en l'homme et construisons ensemble des solutions pour demain. Notre slogan n'est pas pour rien : <strong>\"Bumaco Group, la solution totale en mati\u00e8re de technologie !<\/strong><\/p>\n\n\n\n<p>Gr\u00e2ce \u00e0 nos diff\u00e9rents d\u00e9partements, nous offrons un large \u00e9ventail d'emplois techniques. Cela vous permet \u00e9galement de progresser en interne ou de changer d'orientation sans devoir changer d'employeur.<\/p>\n\n\n\n<hr class=\"wp-block-separator has-alpha-channel-opacity\"\/>\n\n\n\n<h3 class=\"wp-block-heading\">Int\u00e9ress\u00e9(e) ? Postulez d\u00e8s aujourd'hui !<\/h3>\n\n\n\n<p>D\u00e9couvrez nos offres d'emploi \u00e0 <a class=\"\">www.bumacogroup.be\/jobs<\/a> ou envoyez une candidature spontan\u00e9e. Notre service des ressources humaines se fera un plaisir de v\u00e9rifier avec vous quel poste vous convient le mieux.<\/p>\n\n\n\n<p>\ud83d\udce9 <strong>Vous pouvez poser votre candidature via<\/strong> <a class=\"\">jobs@bumacogroup.be<\/a><\/p>\n\n\n\n<div class=\"wp-block-buttons is-content-justification-center is-layout-flex wp-container-core-buttons-is-layout-a89b3969 wp-block-buttons-is-layout-flex\">\n<div class=\"wp-block-button\"><a class=\"wp-block-button__link wp-element-button\" href=\"http:\/\/www.bumacogroup.be\/fr\/emplois\/\">Postes vacants<\/a><\/div>\n<\/div>\n\n\n\n<p><\/p>","protected":false},"excerpt":{"rendered":"<p>Ben jij op zoek naar een job met toekomst in de technische sector? Dan zit je goed bij Bumaco Group. Wij zijn een sterk groeiend familiebedrijf dat actief is in alles wat met techniek te maken heeft: HVAC, sanitair, elektriciteit, keukens, en meer. Met vestigingen over heel Vlaanderen en een team van meer dan 500 [&hellip;]<\/p>\n","protected":false},"author":7,"featured_media":0,"parent":0,"menu_order":0,"comment_status":"closed","ping_status":"closed","template":"","meta":{"_seopress_robots_primary_cat":"","_seopress_titles_title":"Werken bij Bumaco Group: technische jobs - vacatures","_seopress_titles_desc":"Ben jij op zoek naar een job met toekomst in de technische sector? Dan zit je goed bij Bumaco Group. Wij zijn een sterk groeiend familiebedrijf.","_seopress_robots_index":"","iawp_total_views":17,"footnotes":""},"type-header":[],"class_list":["post-6922","page","type-page","status-publish","hentry"],"_links":{"self":[{"href":"https:\/\/www.bumacogroup.be\/fr\/wp-json\/wp\/v2\/pages\/6922","targetHints":{"allow":["GET"]}}],"collection":[{"href":"https:\/\/www.bumacogroup.be\/fr\/wp-json\/wp\/v2\/pages"}],"about":[{"href":"https:\/\/www.bumacogroup.be\/fr\/wp-json\/wp\/v2\/types\/page"}],"author":[{"embeddable":true,"href":"https:\/\/www.bumacogroup.be\/fr\/wp-json\/wp\/v2\/users\/7"}],"replies":[{"embeddable":true,"href":"https:\/\/www.bumacogroup.be\/fr\/wp-json\/wp\/v2\/comments?post=6922"}],"version-history":[{"count":3,"href":"https:\/\/www.bumacogroup.be\/fr\/wp-json\/wp\/v2\/pages\/6922\/revisions"}],"predecessor-version":[{"id":6927,"href":"https:\/\/www.bumacogroup.be\/fr\/wp-json\/wp\/v2\/pages\/6922\/revisions\/6927"}],"wp:attachment":[{"href":"https:\/\/www.bumacogroup.be\/fr\/wp-json\/wp\/v2\/media?parent=6922"}],"wp:term":[{"taxonomy":"type-header","embeddable":true,"href":"https:\/\/www.bumacogroup.be\/fr\/wp-json\/wp\/v2\/type-header?post=6922"}],"curies":[{"name":"wp","href":"https:\/\/api.w.org\/{rel}","templated":true}]}}