{"id":6795,"date":"2025-03-11T10:39:42","date_gmt":"2025-03-11T09:39:42","guid":{"rendered":"https:\/\/www.bumacogroup.be\/?page_id=6795"},"modified":"2025-04-14T15:32:42","modified_gmt":"2025-04-14T13:32:42","slug":"la-refrigeration-professionnelle-par-bumaco-des-solutions-fiables-pour-chaque-entreprise","status":"publish","type":"page","link":"https:\/\/www.bumacogroup.be\/fr\/professionele-koeling-door-bumaco-betrouwbare-oplossingen-voor-elk-bedrijf\/","title":{"rendered":"Professionele koeling door Bumaco: betrouwbare oplossingen voor elk bedrijf"},"content":{"rendered":"<p>Vous \u00eates \u00e0 la recherche d'un partenaire fiable pour votre installation de r\u00e9frig\u00e9ration professionnelle ? Bumaco \u00e0 Rotselaar offre un service complet pour diff\u00e9rents secteurs, des supermarch\u00e9s aux entreprises alimentaires en passant par les entreprises de restauration.<\/p>\n\n\n\n<h2 class=\"wp-block-heading\">Notre expertise :<\/h2>\n\n\n\n<ul class=\"wp-block-list\">\n<li>Mat\u00e9riel de r\u00e9frig\u00e9ration et de cong\u00e9lation<\/li>\n\n\n\n<li>Refroidisseurs et cong\u00e9lateurs sur mesure<\/li>\n\n\n\n<li>Zones de stockage et de travail r\u00e9frig\u00e9r\u00e9es<\/li>\n\n\n\n<li>R\u00e9frig\u00e9ration int\u00e9gr\u00e9e pour les cuisines<\/li>\n\n\n\n<li>Refroidissement de processus pour l'industrie<\/li>\n<\/ul>\n\n\n\n<figure class=\"wp-block-image size-large\"><img fetchpriority=\"high\" decoding=\"async\" width=\"1600\" height=\"900\" src=\"https:\/\/www.bumacogroup.be\/wp-content\/uploads\/2025\/03\/Afbeelding-van-WhatsApp-op-2025-03-04-om-15.58.17_27a30c71-edited.jpg\" alt=\"\" class=\"wp-image-6800\" srcset=\"https:\/\/www.bumacogroup.be\/wp-content\/uploads\/2025\/03\/Afbeelding-van-WhatsApp-op-2025-03-04-om-15.58.17_27a30c71-edited.jpg 1600w, https:\/\/www.bumacogroup.be\/wp-content\/uploads\/2025\/03\/Afbeelding-van-WhatsApp-op-2025-03-04-om-15.58.17_27a30c71-edited-500x281.jpg 500w, https:\/\/www.bumacogroup.be\/wp-content\/uploads\/2025\/03\/Afbeelding-van-WhatsApp-op-2025-03-04-om-15.58.17_27a30c71-edited-1024x576.jpg 1024w, https:\/\/www.bumacogroup.be\/wp-content\/uploads\/2025\/03\/Afbeelding-van-WhatsApp-op-2025-03-04-om-15.58.17_27a30c71-edited-768x432.jpg 768w, https:\/\/www.bumacogroup.be\/wp-content\/uploads\/2025\/03\/Afbeelding-van-WhatsApp-op-2025-03-04-om-15.58.17_27a30c71-edited-1536x864.jpg 1536w, https:\/\/www.bumacogroup.be\/wp-content\/uploads\/2025\/03\/Afbeelding-van-WhatsApp-op-2025-03-04-om-15.58.17_27a30c71-edited-18x10.jpg 18w\" sizes=\"(max-width: 1600px) 100vw, 1600px\" \/><\/figure>\n\n\n\n<h2 class=\"wp-block-heading\">Pourquoi choisir Bumaco ?<\/h2>\n\n\n\n<ul class=\"wp-block-list\">\n<li><strong>Solution totale :<\/strong> de la conception \u00e0 la maintenance<\/li>\n\n\n\n<li><strong>Service d'\u00e9tude propre<\/strong> pour l'adaptation technique<\/li>\n\n\n\n<li><strong>\u00c9quipe de service 24\/7<\/strong> pour des interventions rapides<\/li>\n\n\n\n<li><strong>Surveillance en ligne<\/strong> pour un contr\u00f4le optimal<\/li>\n\n\n\n<li>Focus sur <strong>des solutions durables et efficaces sur le plan \u00e9nerg\u00e9tique<\/strong><\/li>\n<\/ul>\n\n\n\n<h2 class=\"wp-block-heading\">Bumaco garantit :<\/h2>\n\n\n\n<ul class=\"wp-block-list\">\n<li>Respect des normes HACCP<\/li>\n\n\n\n<li>Technologies de refroidissement innovantes<\/li>\n\n\n\n<li>Utilisation de gaz r\u00e9frig\u00e9rants respectueux de l'environnement<\/li>\n\n\n\n<li>Solutions d'\u00e9conomie d'\u00e9nergie<\/li>\n\n\n\n<li>Options de surveillance flexibles<\/li>\n<\/ul>\n\n\n\n<p>Pr\u00eat \u00e0 faire passer votre infrastructure de r\u00e9frig\u00e9ration au niveau sup\u00e9rieur ? Contactez Bumaco pour un entretien sans engagement et d\u00e9couvrez comment nous pouvons soutenir votre entreprise avec des solutions de r\u00e9frig\u00e9ration professionnelles sur mesure.<\/p>\n\n\n\n<figure class=\"wp-block-gallery has-nested-images columns-default is-cropped wp-block-gallery-1 is-layout-flex wp-block-gallery-is-layout-flex\">\n<figure class=\"wp-block-image size-large\"><img decoding=\"async\" width=\"1024\" height=\"768\" data-id=\"6781\" src=\"https:\/\/www.bumacogroup.be\/wp-content\/uploads\/2025\/03\/IMG-20250306-WA0084-1024x768.jpg\" alt=\"\" class=\"wp-image-6781\" srcset=\"https:\/\/www.bumacogroup.be\/wp-content\/uploads\/2025\/03\/IMG-20250306-WA0084-1024x768.jpg 1024w, https:\/\/www.bumacogroup.be\/wp-content\/uploads\/2025\/03\/IMG-20250306-WA0084-500x375.jpg 500w, https:\/\/www.bumacogroup.be\/wp-content\/uploads\/2025\/03\/IMG-20250306-WA0084-768x576.jpg 768w, https:\/\/www.bumacogroup.be\/wp-content\/uploads\/2025\/03\/IMG-20250306-WA0084-1536x1152.jpg 1536w, https:\/\/www.bumacogroup.be\/wp-content\/uploads\/2025\/03\/IMG-20250306-WA0084-16x12.jpg 16w, https:\/\/www.bumacogroup.be\/wp-content\/uploads\/2025\/03\/IMG-20250306-WA0084.jpg 1600w\" sizes=\"(max-width: 1024px) 100vw, 1024px\" \/><\/figure>\n\n\n\n<figure class=\"wp-block-image size-large\"><img decoding=\"async\" width=\"1024\" height=\"768\" data-id=\"6749\" src=\"https:\/\/www.bumacogroup.be\/wp-content\/uploads\/2025\/03\/Afbeelding-van-WhatsApp-op-2025-03-04-om-15.58.17_27a30c71-1024x768.jpg\" alt=\"\" class=\"wp-image-6749\" srcset=\"https:\/\/www.bumacogroup.be\/wp-content\/uploads\/2025\/03\/Afbeelding-van-WhatsApp-op-2025-03-04-om-15.58.17_27a30c71-1024x768.jpg 1024w, https:\/\/www.bumacogroup.be\/wp-content\/uploads\/2025\/03\/Afbeelding-van-WhatsApp-op-2025-03-04-om-15.58.17_27a30c71-500x375.jpg 500w, https:\/\/www.bumacogroup.be\/wp-content\/uploads\/2025\/03\/Afbeelding-van-WhatsApp-op-2025-03-04-om-15.58.17_27a30c71-768x576.jpg 768w, https:\/\/www.bumacogroup.be\/wp-content\/uploads\/2025\/03\/Afbeelding-van-WhatsApp-op-2025-03-04-om-15.58.17_27a30c71-1536x1152.jpg 1536w, https:\/\/www.bumacogroup.be\/wp-content\/uploads\/2025\/03\/Afbeelding-van-WhatsApp-op-2025-03-04-om-15.58.17_27a30c71-16x12.jpg 16w, https:\/\/www.bumacogroup.be\/wp-content\/uploads\/2025\/03\/Afbeelding-van-WhatsApp-op-2025-03-04-om-15.58.17_27a30c71.jpg 1600w\" sizes=\"(max-width: 1024px) 100vw, 1024px\" \/><\/figure>\n\n\n\n<figure class=\"wp-block-image size-large\"><img loading=\"lazy\" decoding=\"async\" width=\"1024\" height=\"768\" data-id=\"6750\" src=\"https:\/\/www.bumacogroup.be\/wp-content\/uploads\/2025\/03\/Afbeelding-van-WhatsApp-op-2025-03-04-om-15.58.16_f9792414-1024x768.jpg\" alt=\"\" class=\"wp-image-6750\" srcset=\"https:\/\/www.bumacogroup.be\/wp-content\/uploads\/2025\/03\/Afbeelding-van-WhatsApp-op-2025-03-04-om-15.58.16_f9792414-1024x768.jpg 1024w, https:\/\/www.bumacogroup.be\/wp-content\/uploads\/2025\/03\/Afbeelding-van-WhatsApp-op-2025-03-04-om-15.58.16_f9792414-500x375.jpg 500w, https:\/\/www.bumacogroup.be\/wp-content\/uploads\/2025\/03\/Afbeelding-van-WhatsApp-op-2025-03-04-om-15.58.16_f9792414-768x576.jpg 768w, https:\/\/www.bumacogroup.be\/wp-content\/uploads\/2025\/03\/Afbeelding-van-WhatsApp-op-2025-03-04-om-15.58.16_f9792414-1536x1152.jpg 1536w, https:\/\/www.bumacogroup.be\/wp-content\/uploads\/2025\/03\/Afbeelding-van-WhatsApp-op-2025-03-04-om-15.58.16_f9792414-16x12.jpg 16w, https:\/\/www.bumacogroup.be\/wp-content\/uploads\/2025\/03\/Afbeelding-van-WhatsApp-op-2025-03-04-om-15.58.16_f9792414.jpg 1600w\" sizes=\"(max-width: 1024px) 100vw, 1024px\" \/><\/figure>\n\n\n\n<figure class=\"wp-block-image size-large\"><img loading=\"lazy\" decoding=\"async\" width=\"768\" height=\"1024\" data-id=\"6751\" src=\"https:\/\/www.bumacogroup.be\/wp-content\/uploads\/2025\/03\/Afbeelding-van-WhatsApp-op-2025-03-04-om-15.58.16_178a1dba-768x1024.jpg\" alt=\"\" class=\"wp-image-6751\" srcset=\"https:\/\/www.bumacogroup.be\/wp-content\/uploads\/2025\/03\/Afbeelding-van-WhatsApp-op-2025-03-04-om-15.58.16_178a1dba-768x1024.jpg 768w, https:\/\/www.bumacogroup.be\/wp-content\/uploads\/2025\/03\/Afbeelding-van-WhatsApp-op-2025-03-04-om-15.58.16_178a1dba-375x500.jpg 375w, https:\/\/www.bumacogroup.be\/wp-content\/uploads\/2025\/03\/Afbeelding-van-WhatsApp-op-2025-03-04-om-15.58.16_178a1dba-1152x1536.jpg 1152w, https:\/\/www.bumacogroup.be\/wp-content\/uploads\/2025\/03\/Afbeelding-van-WhatsApp-op-2025-03-04-om-15.58.16_178a1dba-9x12.jpg 9w, https:\/\/www.bumacogroup.be\/wp-content\/uploads\/2025\/03\/Afbeelding-van-WhatsApp-op-2025-03-04-om-15.58.16_178a1dba.jpg 1200w\" sizes=\"(max-width: 768px) 100vw, 768px\" \/><\/figure>\n\n\n\n<figure class=\"wp-block-image size-large\"><img loading=\"lazy\" decoding=\"async\" width=\"1024\" height=\"768\" data-id=\"5482\" src=\"https:\/\/www.bumacogroup.be\/wp-content\/uploads\/2024\/09\/Refrigeration-1024x768.jpg\" alt=\"\" class=\"wp-image-5482\" srcset=\"https:\/\/www.bumacogroup.be\/wp-content\/uploads\/2024\/09\/Refrigeration-1024x768.jpg 1024w, https:\/\/www.bumacogroup.be\/wp-content\/uploads\/2024\/09\/Refrigeration-500x375.jpg 500w, https:\/\/www.bumacogroup.be\/wp-content\/uploads\/2024\/09\/Refrigeration-768x576.jpg 768w, https:\/\/www.bumacogroup.be\/wp-content\/uploads\/2024\/09\/Refrigeration-1536x1152.jpg 1536w, https:\/\/www.bumacogroup.be\/wp-content\/uploads\/2024\/09\/Refrigeration-2048x1536.jpg 2048w\" sizes=\"(max-width: 1024px) 100vw, 1024px\" \/><\/figure>\n<\/figure>","protected":false},"excerpt":{"rendered":"<p>Zoekt u een betrouwbare partner voor uw professionele koelinstallatie? Bumaco in Rotselaar biedt all-in service voor diverse sectoren, van supermarkten tot voedingsbedrijven en horecazaken. Onze expertise: Waarom kiezen voor Bumaco? Bumaco staat garant voor: Klaar om uw koelinfrastructuur naar een hoger niveau te tillen? Contacteer Bumaco voor een vrijblijvend gesprek en ontdek hoe wij uw [&hellip;]<\/p>\n","protected":false},"author":7,"featured_media":0,"parent":0,"menu_order":0,"comment_status":"closed","ping_status":"closed","template":"","meta":{"_seopress_robots_primary_cat":"","_seopress_titles_title":"Professionele koeling door Bumaco %%sep%% koelcel %%sep%% koelmeubel","_seopress_titles_desc":"Zoekt u een betrouwbare partner voor uw professionele koelinstallatie? Bumaco in Rotselaar biedt all-in service: van supermarkten tot voedingsbedrijven en horecazaken.","_seopress_robots_index":"","iawp_total_views":16,"footnotes":""},"type-header":[],"class_list":["post-6795","page","type-page","status-publish","hentry"],"_links":{"self":[{"href":"https:\/\/www.bumacogroup.be\/fr\/wp-json\/wp\/v2\/pages\/6795","targetHints":{"allow":["GET"]}}],"collection":[{"href":"https:\/\/www.bumacogroup.be\/fr\/wp-json\/wp\/v2\/pages"}],"about":[{"href":"https:\/\/www.bumacogroup.be\/fr\/wp-json\/wp\/v2\/types\/page"}],"author":[{"embeddable":true,"href":"https:\/\/www.bumacogroup.be\/fr\/wp-json\/wp\/v2\/users\/7"}],"replies":[{"embeddable":true,"href":"https:\/\/www.bumacogroup.be\/fr\/wp-json\/wp\/v2\/comments?post=6795"}],"version-history":[{"count":2,"href":"https:\/\/www.bumacogroup.be\/fr\/wp-json\/wp\/v2\/pages\/6795\/revisions"}],"predecessor-version":[{"id":6801,"href":"https:\/\/www.bumacogroup.be\/fr\/wp-json\/wp\/v2\/pages\/6795\/revisions\/6801"}],"wp:attachment":[{"href":"https:\/\/www.bumacogroup.be\/fr\/wp-json\/wp\/v2\/media?parent=6795"}],"wp:term":[{"taxonomy":"type-header","embeddable":true,"href":"https:\/\/www.bumacogroup.be\/fr\/wp-json\/wp\/v2\/type-header?post=6795"}],"curies":[{"name":"wp","href":"https:\/\/api.w.org\/{rel}","templated":true}]}}