{"id":60,"date":"2023-12-13T15:14:41","date_gmt":"2023-12-13T14:14:41","guid":{"rendered":"https:\/\/bumacogroup.mailbox-marketing10.be\/cookie-beleid\/"},"modified":"2023-12-13T15:14:45","modified_gmt":"2023-12-13T14:14:45","slug":"politique-en-matiere-de-cookies","status":"publish","type":"page","link":"https:\/\/www.bumacogroup.be\/fr\/cookie-beleid\/","title":{"rendered":"Politique en mati\u00e8re de cookies"},"content":{"rendered":"<div data-elementor-type=\"wp-page\" data-elementor-id=\"60\" class=\"elementor elementor-60\" data-elementor-post-type=\"page\">\n\t\t\t\t<div class=\"elementor-element elementor-element-3d8fdef9 e-flex e-con-boxed e-con e-parent\" data-id=\"3d8fdef9\" data-element_type=\"container\" data-e-type=\"container\" data-settings=\"{&quot;jet_parallax_layout_list&quot;:[]}\">\n\t\t\t\t\t<div class=\"e-con-inner\">\n\t\t\t\t<div class=\"elementor-element elementor-element-411692aa elementor-widget elementor-widget-heading\" data-id=\"411692aa\" data-element_type=\"widget\" data-e-type=\"widget\" data-widget_type=\"heading.default\">\n\t\t\t\t<div class=\"elementor-widget-container\">\n\t\t\t\t\t<h1 class=\"elementor-heading-title elementor-size-default\">Politique en mati\u00e8re de cookies<\/h1>\t\t\t\t<\/div>\n\t\t\t\t<\/div>\n\t\t\t\t<div class=\"elementor-element elementor-element-75d5b93e elementor-widget elementor-widget-text-editor\" data-id=\"75d5b93e\" data-element_type=\"widget\" data-e-type=\"widget\" data-widget_type=\"text-editor.default\">\n\t\t\t\t<div class=\"elementor-widget-container\">\n\t\t\t\t\t\t\t\t\t<h2>1. Cookies<\/h2><p>Les cookies sont de petits fichiers de donn\u00e9es ou de texte plac\u00e9s sur votre ordinateur local par des sites web et des applications. Ces cookies peuvent avoir diff\u00e9rentes finalit\u00e9s : il existe des cookies techniques (par exemple pour garder trace des param\u00e8tres linguistiques), des cookies de session (cookies temporaires qui expirent apr\u00e8s une seule session) et des cookies de suivi (cookies qui suivent et tracent votre comportement sur Internet afin de vous offrir une exp\u00e9rience utilisateur plus optimale).<br \/>La loi belge sur les communications \u00e9lectroniques du 13 juin 2005 contient des dispositions sur les cookies et leur utilisation sur les sites web. Cette loi est une transposition de la directive europ\u00e9enne e-Privacy, ce qui signifie que la l\u00e9gislation sur les cookies peut \u00eatre mise en \u0153uvre diff\u00e9remment dans d'autres \u00c9tats membres de l'Union europ\u00e9enne.<br \/>Biomedico est bas\u00e9 en Belgique et suit donc la l\u00e9gislation belge sur les cookies.<\/p>\t\t\t\t\t\t\t\t<\/div>\n\t\t\t\t<\/div>\n\t\t\t\t<div class=\"elementor-element elementor-element-5694c121 elementor-widget elementor-widget-text-editor\" data-id=\"5694c121\" data-element_type=\"widget\" data-e-type=\"widget\" data-widget_type=\"text-editor.default\">\n\t\t\t\t<div class=\"elementor-widget-container\">\n\t\t\t\t\t\t\t\t\t<h2>2. Objectif et utilit\u00e9 des cookies<\/h2><p>Biomedico souhaite informer le mieux possible chaque visiteur de la plate-forme\/du site web des droits que lui conf\u00e8re la l\u00e9gislation belge en mati\u00e8re de cookies et des cookies utilis\u00e9s par Biomedico. En utilisant la plate-forme\/le site web, le visiteur accepte l'utilisation de cookies. Les cookies permettent \u00e0 Biomedico d'optimiser votre visite sur la plate-forme\/le site web, de m\u00e9moriser des choix techniques (par exemple, le choix d'une langue, d'une lettre d'information, et cetera) et de vous pr\u00e9senter des services et des offres plus pertinents.<br \/>Si vous souhaitez consulter la plate-forme\/le site web de Biomedico, il est recommand\u00e9 d'activer les param\u00e8tres techniques des cookies. Si les cookies ne sont pas activ\u00e9s, Biomedico ne peut pas garantir une visite fluide sur la plate-forme\/le site web. Si vous pr\u00e9f\u00e9rez ne pas avoir de cookies, vous pouvez, en tant que visiteur, d\u00e9sactiver les cookies.<br \/>Nous utilisons des cookies pour am\u00e9liorer votre visite sur notre plateforme\/site web. Les cookies que nous utilisons sont s\u00e9curis\u00e9s. Les informations que nous collectons \u00e0 l'aide des cookies nous aident \u00e0 identifier les erreurs \u00e9ventuelles ou \u00e0 vous proposer des services sp\u00e9cifiques susceptibles de vous int\u00e9resser.<\/p>\t\t\t\t\t\t\t\t<\/div>\n\t\t\t\t<\/div>\n\t\t\t\t<div class=\"elementor-element elementor-element-2c279eaa elementor-widget elementor-widget-text-editor\" data-id=\"2c279eaa\" data-element_type=\"widget\" data-e-type=\"widget\" data-widget_type=\"text-editor.default\">\n\t\t\t\t<div class=\"elementor-widget-container\">\n\t\t\t\t\t\t\t\t\t<h2>3. Types de cookies utilis\u00e9s par Biomedico<\/h2><p>Nous distinguons les types de cookies suivants, en fonction de leur finalit\u00e9 :<br \/>Cookies essentiels\/strictement n\u00e9cessaires : <br \/>Ces cookies sont n\u00e9cessaires au fonctionnement de la plateforme\/du site web et ne peuvent \u00eatre d\u00e9sactiv\u00e9s dans nos syst\u00e8mes. Ils ne sont g\u00e9n\u00e9ralement install\u00e9s qu'en r\u00e9ponse \u00e0 des actions que vous avez entreprises, telles que le r\u00e9glage de vos pr\u00e9f\u00e9rences en mati\u00e8re de confidentialit\u00e9, l'ouverture d'une session ou le remplissage d'un formulaire. Ils sont n\u00e9cessaires \u00e0 une bonne communication et facilitent la navigation (par exemple, retour \u00e0 une page pr\u00e9c\u00e9dente, etc.).<br \/>Cookies non essentiels : <br \/>Ces cookies ne sont pas n\u00e9cessaires au fonctionnement de la plate-forme\/du site web, mais ils nous aident \u00e0 offrir un site web am\u00e9lior\u00e9 et personnalis\u00e9.<\/p><ol><li><b><b>Cookies fonctionnels :<br \/><\/b><\/b><p><span style=\"font-weight: 400;\">Ces cookies permettent \u00e0 la plateforme\/au site web d'offrir une fonctionnalit\u00e9 et une personnalisation am\u00e9lior\u00e9es. Ils peuvent \u00eatre mis en place par nous ou par des fournisseurs tiers dont nous avons ajout\u00e9 les services \u00e0 nos pages.<\/span><\/p><\/li><li><p><strong>Cookies analytiques :<br \/><\/strong>Ces cookies nous permettent de suivre les visites et le trafic afin de mesurer et d'am\u00e9liorer les performances de notre plate-forme\/site web. Ils nous aident \u00e0 savoir quelles sont les pages les plus et les moins populaires et comment les visiteurs se d\u00e9placent sur la plate-forme\/le site web.<strong><br \/><\/strong><\/p><\/li><li><strong>Cookies de ciblage et de publicit\u00e9 :<\/strong><br \/>Ces cookies peuvent \u00eatre install\u00e9s par nos partenaires publicitaires par l'interm\u00e9diaire de notre plateforme\/site web. Ils peuvent \u00eatre utilis\u00e9s par ces soci\u00e9t\u00e9s pour \u00e9tablir un profil de vos int\u00e9r\u00eats et vous montrer des publicit\u00e9s pertinentes sur d'autres sites.<\/li><\/ol><p>\u00a0<\/p><p><span style=\"font-weight: 400;\">Nous utilisons \u00e0 la fois nos propres cookies et ceux de partenaires soigneusement s\u00e9lectionn\u00e9s avec lesquels nous travaillons. Vous trouverez ci-dessous une liste compl\u00e8te des cookies susceptibles d'\u00eatre utilis\u00e9s sur notre site web\/plateforme \u00e0 l'heure actuelle ou \u00e0 une date ult\u00e9rieure.<\/span><\/p><p><b>Cookies de premi\u00e8re partie :<\/b><\/p><p><span style=\"font-weight: 400;\">Nom de domaine :\u00a0<\/span><i><span style=\"font-weight: 400;\">Biomedico.be<\/span><\/i><\/p>\t\t\t\t\t\t\t\t<\/div>\n\t\t\t\t<\/div>\n\t\t\t\t<div class=\"elementor-element elementor-element-2e0a31c8 elementor-widget elementor-widget-text-editor\" data-id=\"2e0a31c8\" data-element_type=\"widget\" data-e-type=\"widget\" data-widget_type=\"text-editor.default\">\n\t\t\t\t<div class=\"elementor-widget-container\">\n\t\t\t\t\t\t\t\t\t<table>\n<thead>\n<tr>\n<th><b>Nom du cookie<\/b><\/th>\n<th><b>Type de cookie<\/b><\/th>\n<th><b>P\u00e9riode de conservation<\/b><\/th>\n<\/tr>\n<\/thead>\n<tbody>\n<tr>\n<td><span style=\"font-weight: 400;\">ASP.NET<\/span><\/td>\n<td><span style=\"font-weight: 400;\">Essentiel<\/span><\/td>\n<td><span style=\"font-weight: 400;\">30 jours<\/span><\/td>\n<\/tr>\n<tr>\n<td><span style=\"font-weight: 400;\">ASP.NET MVC<\/span><\/td>\n<td><span style=\"font-weight: 400;\">Essentiel<\/span><\/td>\n<td><span style=\"font-weight: 400;\">30 jours<\/span><\/td>\n<\/tr>\n<tr>\n<td><span style=\"font-weight: 400;\">DoubleClick.Net<\/span><\/td>\n<td><span style=\"font-weight: 400;\">Non essentiel - ciblage<\/span><\/td>\n<td><span style=\"font-weight: 400;\">30 jours<\/span><\/td>\n<\/tr>\n<tr>\n<td><span style=\"font-weight: 400;\">MailChimp<\/span><\/td>\n<td><span style=\"font-weight: 400;\">Non essentiel - ciblage<\/span><\/td>\n<td><span style=\"font-weight: 400;\">30 jours<\/span><\/td>\n<\/tr>\n<tr>\n<td><span style=\"font-weight: 400;\">jQuery<\/span><\/td>\n<td><span style=\"font-weight: 400;\">Non essentiel - fonctionnel<\/span><\/td>\n<td><span style=\"font-weight: 400;\">30 jours<\/span><\/td>\n<\/tr>\n<tr>\n<td><span style=\"font-weight: 400;\">Cookie jQuery<\/span><\/td>\n<td><span style=\"font-weight: 400;\">Non essentiel - fonctionnel<\/span><\/td>\n<td><span style=\"font-weight: 400;\">30 jours<\/span><\/td>\n<\/tr>\n<tr>\n<td><span style=\"font-weight: 400;\">SMTP2GO<\/span><\/td>\n<td><span style=\"font-weight: 400;\">Non essentiel - fonctionnel<\/span><\/td>\n<td><span style=\"font-weight: 400;\">30 jours<\/span><\/td>\n<\/tr>\n<tr>\n<td><span style=\"font-weight: 400;\">New Relic<\/span><\/td>\n<td><span style=\"font-weight: 400;\">Non essentiel - analytique<\/span><\/td>\n<td><span style=\"font-weight: 400;\">30 jours<\/span><\/td>\n<\/tr>\n<\/tbody>\n<\/table>\t\t\t\t\t\t\t\t<\/div>\n\t\t\t\t<\/div>\n\t\t\t\t<div class=\"elementor-element elementor-element-26ff2955 elementor-widget elementor-widget-text-editor\" data-id=\"26ff2955\" data-element_type=\"widget\" data-e-type=\"widget\" data-widget_type=\"text-editor.default\">\n\t\t\t\t<div class=\"elementor-widget-container\">\n\t\t\t\t\t\t\t\t\t<table>\n<thead>\n<tr>\n<th><b>Nom du cookie<\/b><\/th>\n<th><b>Type de cookie<\/b><\/th>\n<th><b>P\u00e9riode de conservation<\/b><\/th>\n<\/tr>\n<\/thead>\n<tbody>\n<tr>\n<td><span style=\"font-weight: 400;\">Pinterest<\/span><\/td>\n<td><span style=\"font-weight: 400;\">Non essentiel - fonctionnel<\/span><\/td>\n<td><span style=\"font-weight: 400;\">30 jours<\/span><\/td>\n<\/tr>\n<tr>\n<td><span style=\"font-weight: 400;\">Le cachet de la poste<\/span><\/td>\n<td><span style=\"font-weight: 400;\">Non essentiel - fonctionnel<\/span><\/td>\n<td><span style=\"font-weight: 400;\">30 jours<\/span><\/td>\n<\/tr>\n<tr>\n<td><span style=\"font-weight: 400;\">Pure Chat<\/span><\/td>\n<td><span style=\"font-weight: 400;\">Non essentiel - analytique<\/span><\/td>\n<td><span style=\"font-weight: 400;\">30 jours<\/span><\/td>\n<\/tr>\n<tr>\n<td><span style=\"font-weight: 400;\">Trustpilot<\/span><\/td>\n<td><span style=\"font-weight: 400;\">Non essentiel - analytique<\/span><\/td>\n<td><span style=\"font-weight: 400;\">30 jours<\/span><\/td>\n<\/tr>\n<tr>\n<td><span style=\"font-weight: 400;\">Kit de type<\/span><\/td>\n<td><span style=\"font-weight: 400;\">Essentiel<\/span><\/td>\n<td><span style=\"font-weight: 400;\">30 jours<\/span><\/td>\n<\/tr>\n<tr>\n<td><span style=\"font-weight: 400;\">Vimeo<\/span><\/td>\n<td><span style=\"font-weight: 400;\">Non essentiel - analytique<\/span><\/td>\n<td><span style=\"font-weight: 400;\">30 jours<\/span><\/td>\n<\/tr>\n<tr>\n<td><span style=\"font-weight: 400;\">YouTube<\/span><\/td>\n<td><span style=\"font-weight: 400;\">Non essentiel - analytique<\/span><\/td>\n<td><span style=\"font-weight: 400;\">30 jours<\/span><\/td>\n<\/tr>\n<\/tbody>\n<\/table>\t\t\t\t\t\t\t\t<\/div>\n\t\t\t\t<\/div>\n\t\t\t\t<div class=\"elementor-element elementor-element-3c96a74d elementor-widget elementor-widget-text-editor\" data-id=\"3c96a74d\" data-element_type=\"widget\" data-e-type=\"widget\" data-widget_type=\"text-editor.default\">\n\t\t\t\t<div class=\"elementor-widget-container\">\n\t\t\t\t\t\t\t\t\t<p><b>Cookies de tiers :\u00a0<\/b><\/p><p><span style=\"font-weight: 400;\">Nom de domaine :\u00a0<\/span><i><span style=\"font-weight: 400;\">www.facebook.com<\/span><\/i><\/p><table><thead><tr><th><p><b>Nom du cookie<\/b><\/p><\/th><th><p><b>Type de cookie<\/b><\/p><\/th><th><p><b>P\u00e9riode de conservation<\/b><\/p><\/th><\/tr><\/thead><tbody><tr><td><p><span style=\"font-weight: 400;\">Audiences personnalis\u00e9es Facebook<\/span><\/p><\/td><td><p><span style=\"font-weight: 400;\">Non essentiel - ciblage<\/span><\/p><\/td><td><p><span style=\"font-weight: 400;\">30 jours<\/span><\/p><\/td><\/tr><tr><td><p><span style=\"font-weight: 400;\">Aper\u00e7u du domaine Facebook<\/span><\/p><\/td><td><p><span style=\"font-weight: 400;\">Non essentiel - ciblage<\/span><\/p><\/td><td><p><span style=\"font-weight: 400;\">30 jours<\/span><\/p><\/td><\/tr><tr><td><p><span style=\"font-weight: 400;\">J'aime Facebook<\/span><\/p><\/td><td><p><span style=\"font-weight: 400;\">Non essentiel - ciblage<\/span><\/p><\/td><td><p><span style=\"font-weight: 400;\">30 jours<\/span><\/p><\/td><\/tr><tr><td><p><span style=\"font-weight: 400;\">Bouton \"J'aime\" de Facebook<\/span><\/p><\/td><td><p><span style=\"font-weight: 400;\">Non essentiel - ciblage<\/span><\/p><\/td><td><p><span style=\"font-weight: 400;\">30 jours<\/span><\/p><\/td><\/tr><tr><td><p><span style=\"font-weight: 400;\">Pixel Facebook<\/span><\/p><\/td><td><p><span style=\"font-weight: 400;\">Non essentiel - ciblage<\/span><\/p><\/td><td><p><span style=\"font-weight: 400;\">30 jours<\/span><\/p><\/td><\/tr><tr><td><p><span style=\"font-weight: 400;\">SDK Facebook<\/span><\/p><\/td><td><p><span style=\"font-weight: 400;\">Non essentiel - ciblage<\/span><\/p><\/td><td><p><span style=\"font-weight: 400;\">30 jours<\/span><\/p><\/td><\/tr><tr><td><p><span style=\"font-weight: 400;\">Signal Facebook<\/span><\/p><\/td><td><p><span style=\"font-weight: 400;\">Non essentiel - ciblage<\/span><\/p><\/td><td><p><span style=\"font-weight: 400;\">30 jours<\/span><\/p><\/td><\/tr><tr><td><p><span style=\"font-weight: 400;\">Facebook pour les sites web<\/span><\/p><\/td><td><p><span style=\"font-weight: 400;\">Non essentiel - ciblage<\/span><\/p><\/td><td><p><span style=\"font-weight: 400;\">30 jours<\/span><\/p><\/td><\/tr><\/tbody><\/table>\t\t\t\t\t\t\t\t<\/div>\n\t\t\t\t<\/div>\n\t\t\t\t<div class=\"elementor-element elementor-element-1c8aeed5 elementor-widget elementor-widget-text-editor\" data-id=\"1c8aeed5\" data-element_type=\"widget\" data-e-type=\"widget\" data-widget_type=\"text-editor.default\">\n\t\t\t\t<div class=\"elementor-widget-container\">\n\t\t\t\t\t\t\t\t\t<p><span style=\"font-weight: 400;\">Nom de domaine :\u00a0<\/span><i><span style=\"font-weight: 400;\">www.google.com<\/span><\/i><\/p><table><thead><tr><th><p><b>Nom du cookie<\/b><\/p><\/th><th><p><b>Type de cookie<\/b><\/p><\/th><th><p><b>P\u00e9riode de conservation<\/b><\/p><\/th><\/tr><\/thead><tbody><tr><td><p><span style=\"font-weight: 400;\">GStatic Google Static Content<\/span><\/p><\/td><td><p><span style=\"font-weight: 400;\">Non essentiel - analytique<\/span><\/p><\/td><td><p><span style=\"font-weight: 400;\">30 jours<\/span><\/p><\/td><\/tr><tr><td><p><span style=\"font-weight: 400;\">Google Analytics<\/span><\/p><\/td><td><p><span style=\"font-weight: 400;\">Non essentiel - analytique<\/span><\/p><\/td><td><p><span style=\"font-weight: 400;\">30 jours<\/span><\/p><\/td><\/tr><tr><td><p><span style=\"font-weight: 400;\">Suivi des conversions Google<\/span><\/p><\/td><td><p><span style=\"font-weight: 400;\">Non essentiel - analytique<\/span><\/p><\/td><td><p><span style=\"font-weight: 400;\">30 jours<\/span><\/p><\/td><\/tr><tr><td><p><span style=\"font-weight: 400;\">Google Maps<\/span><\/p><\/td><td><p><span style=\"font-weight: 400;\">Non essentiel - fonctionnel<\/span><\/p><\/td><td><p><span style=\"font-weight: 400;\">30 jours<\/span><\/p><\/td><\/tr><tr><td><p><span style=\"font-weight: 400;\">API Google Maps<\/span><\/p><\/td><td><p><span style=\"font-weight: 400;\">Non essentiel - fonctionnel<\/span><\/p><\/td><td><p><span style=\"font-weight: 400;\">30 jours<\/span><\/p><\/td><\/tr><tr><td><p><span style=\"font-weight: 400;\">Google Plus One Snippet<\/span><\/p><\/td><td><p><span style=\"font-weight: 400;\">Non essentiel - ciblage<\/span><\/p><\/td><td><p><span style=\"font-weight: 400;\">30 jours<\/span><\/p><\/td><\/tr><tr><td><p><span style=\"font-weight: 400;\">Google Remarketing<\/span><\/p><\/td><td><p><span style=\"font-weight: 400;\">Non essentiel - ciblage<\/span><\/p><\/td><td><p><span style=\"font-weight: 400;\">30 jours<\/span><\/p><\/td><\/tr><tr><td><p><span style=\"font-weight: 400;\">Google Tag Manager<\/span><\/p><\/td><td><p><span style=\"font-weight: 400;\">Non essentiel - fonctionnel<\/span><\/p><\/td><td><p><span style=\"font-weight: 400;\">30 jours<\/span><\/p><\/td><\/tr><\/tbody><\/table>\t\t\t\t\t\t\t\t<\/div>\n\t\t\t\t<\/div>\n\t\t\t\t<div class=\"elementor-element elementor-element-66e87c5 elementor-widget elementor-widget-text-editor\" data-id=\"66e87c5\" data-element_type=\"widget\" data-e-type=\"widget\" data-widget_type=\"text-editor.default\">\n\t\t\t\t<div class=\"elementor-widget-container\">\n\t\t\t\t\t\t\t\t\t<p>Si vous souhaitez d\u00e9sactiver des fonctionnalit\u00e9s sp\u00e9cifiques du site web, il vous suffit de contacter Biomedico \u00e0 l'adresse suivante <a href=\"mailto:info@biomedico.be\">info@biomedico.be<\/a><br \/>Prenez note de notre <a href=\"https:\/\/biomedico.mailbox-marketing10.be\/privacy-beleid\/\">D\u00e9claration de confidentialit\u00e9<\/a> pour plus d'informations sur le traitement des donn\u00e9es personnelles par Biomedico.<\/p>\t\t\t\t\t\t\t\t<\/div>\n\t\t\t\t<\/div>\n\t\t\t\t<div class=\"elementor-element elementor-element-14f1e25a elementor-widget elementor-widget-text-editor\" data-id=\"14f1e25a\" data-element_type=\"widget\" data-e-type=\"widget\" data-widget_type=\"text-editor.default\">\n\t\t\t\t<div class=\"elementor-widget-container\">\n\t\t\t\t\t\t\t\t\t<h2>4. Gestion des cookies<\/h2><p>Assurez-vous que les cookies sont activ\u00e9s dans votre navigateur. Pour activer les cookies, proc\u00e9dez comme suit :<\/p><p><strong>Par navigateur - Microsoft Internet Explorer<\/strong><\/p><ul><li>Dans Internet Explorer, cliquez sur \"Options Internet\" dans le menu \"Outils\".<\/li><li>Dans l'onglet \"Vie priv\u00e9e\", placez le curseur de r\u00e9glage sur \"faible\" ou \"accepter tous les cookies\" (un r\u00e9glage sup\u00e9rieur \u00e0 \"moyen\" d\u00e9sactive les cookies).<\/li><li>Cliquez sur \"OK\".<\/li><\/ul><p><strong>Par navigateur - Mozilla Firefox<\/strong><\/p><ul><li>Cliquez sur \"Firefox\" dans le coin sup\u00e9rieur gauche de votre navigateur, puis cliquez sur \"Options\".<\/li><li>Dans l'onglet \"Confidentialit\u00e9\", assurez-vous que la case \"Indiquer aux sites web que je ne veux pas \u00eatre suivi\" n'est pas coch\u00e9e.<\/li><li>Cliquez sur \"OK\".<\/li><\/ul><p><strong>Par navigateur - Google Chrome<\/strong><\/p><ul><li>Cliquez sur les trois points situ\u00e9s \u00e0 c\u00f4t\u00e9 de la barre de navigation en haut de la fen\u00eatre de votre navigateur et choisissez \"Options\".<\/li><li>Trouvez la section \"Confidentialit\u00e9 et s\u00e9curit\u00e9\" et cliquez sur \"Param\u00e8tres de contenu\".<\/li><li>Cliquez sur l'option \"cookies\".<\/li><\/ul><p>S\u00e9lectionnez ensuite \"Autoriser les sites \u00e0 enregistrer et \u00e0 lire les donn\u00e9es des cookies\".<\/p><p><strong>Par navigateur - Safari<\/strong><\/p><ul><li>Choisissez \"Pr\u00e9f\u00e9rences\" dans le menu des t\u00e2ches. (Le menu des t\u00e2ches se trouve en haut \u00e0 droite de la fen\u00eatre Safari et ressemble \u00e0 une roue dent\u00e9e ou cliquez sur \"Safari\" dans le menu des t\u00e2ches \u00e9tendu).<\/li><li>Cliquez sur l'onglet Confidentialit\u00e9. Trouvez la section intitul\u00e9e \"Cookies et autres donn\u00e9es du site web<\/li><li>Indiquez que vous acceptez les cookies.<\/li><\/ul><p>\u00a0<\/p><p>Si vous souhaitez consulter la plate-forme\/le site web de Biomedico, il est recommand\u00e9 d'activer les cookies. Toutefois, si vous pr\u00e9f\u00e9rez ne pas le faire, en tant que visiteur, vous \u00eates libre de d\u00e9sactiver les cookies via les param\u00e8tres de votre navigateur. Vous pouvez le faire de la mani\u00e8re suivante :<\/p><p><strong>Par navigateur - Microsoft Internet Explorer<\/strong><\/p><ul><li>Dans Internet Explorer, cliquez sur le bouton Outils et s\u00e9lectionnez Options Internet.<\/li><li>S\u00e9lectionnez l'onglet Confidentialit\u00e9 et, sous Param\u00e8tres, d\u00e9placez le curseur vers le haut pour bloquer tous les cookies. Cliquez sur OK.<\/li><\/ul><p><strong>Par navigateur - Mozilla Firefox<\/strong><\/p><ul><li>Cliquez sur le bouton de menu et choisissez \"Pr\u00e9f\u00e9rences\".<\/li><li>S\u00e9lectionnez le panneau \"Vie priv\u00e9e et s\u00e9curit\u00e9\" et allez dans la section \"Historique\".<\/li><li>\u00c0 c\u00f4t\u00e9 de \"Firefox will\", s\u00e9lectionnez \"Use custom settings for history\" (utiliser les param\u00e8tres personnalis\u00e9s pour l'historique).<\/li><li>R\u00e9glez l'option \"Accepter les cookies de tiers\" sur \"Jamais\".<\/li><li>Fermez la page \u00c0 propos de : pr\u00e9f\u00e9rences. Les modifications apport\u00e9es sont automatiquement enregistr\u00e9es.<\/li><\/ul><p><strong>Par navigateur - Google Chrome<\/strong><\/p><ul><li>S\u00e9lectionnez \"Autres param\u00e8tres\" dans la barre d'outils du navigateur.<\/li><li>En bas de la page, s\u00e9lectionnez l'option \"Avanc\u00e9\".<\/li><li>Sous \"Vie priv\u00e9e et s\u00e9curit\u00e9\", s\u00e9lectionnez \"Param\u00e8tres de contenu\".<\/li><li>S\u00e9lectionnez \"Cookies\".<\/li><li>D\u00e9sactivez la fonction \"Autoriser les sites \u00e0 stocker et \u00e0 lire les donn\u00e9es des cookies\".<\/li><\/ul><p><strong>Par navigateur - Safari<\/strong><\/p><ul><li>Choisissez \"Pr\u00e9f\u00e9rences\" dans le menu des t\u00e2ches. (Le menu des t\u00e2ches se trouve en haut \u00e0 droite de la fen\u00eatre Safari et ressemble \u00e0 une roue dent\u00e9e ou cliquez sur \"Safari\" dans le menu des t\u00e2ches \u00e9tendu).<\/li><li>Cliquez sur l'onglet Confidentialit\u00e9. Trouvez la section intitul\u00e9e \"Cookies et autres donn\u00e9es du site web<\/li><li>Indiquez que vous n'acceptez pas les cookies. <\/li><li>Vous pouvez \u00e9galement consulter la fonction d'aide de votre navigateur Internet.<\/li><\/ul>\t\t\t\t\t\t\t\t<\/div>\n\t\t\t\t<\/div>\n\t\t\t\t<div class=\"elementor-element elementor-element-4431a4ca elementor-widget elementor-widget-text-editor\" data-id=\"4431a4ca\" data-element_type=\"widget\" data-e-type=\"widget\" data-widget_type=\"text-editor.default\">\n\t\t\t\t<div class=\"elementor-widget-container\">\n\t\t\t\t\t\t\t\t\t<h2>5. Droits des visiteurs<\/h2><p>\u00c9tant donn\u00e9 que les cookies peuvent constituer un traitement de donn\u00e9es \u00e0 caract\u00e8re personnel, vous avez droit, en tant que personne concern\u00e9e, \u00e0 un traitement licite et s\u00fbr des donn\u00e9es \u00e0 caract\u00e8re personnel. En tant que personne concern\u00e9e, vous pouvez exercer les droits suivants :<\/p><ul><li>Droit d'opposition : S'il existe des motifs s\u00e9rieux et justifi\u00e9s, il est possible de s'opposer au traitement des donn\u00e9es \u00e0 caract\u00e8re personnel.<\/li><li>Droit d'acc\u00e8s : Toute personne concern\u00e9e qui justifie de son identit\u00e9 a le droit d'acc\u00e9der aux informations relatives \u00e0 l'existence ou \u00e0 l'absence de traitements de donn\u00e9es \u00e0 caract\u00e8re personnel la concernant, ainsi qu'aux finalit\u00e9s de ces traitements, aux cat\u00e9gories de donn\u00e9es concern\u00e9es par ces traitements et aux cat\u00e9gories de destinataires auxquels les donn\u00e9es sont communiqu\u00e9es.<\/li><li>Droit de rectification : les donn\u00e9es personnelles inexactes ou incompl\u00e8tes peuvent toujours \u00eatre rectifi\u00e9es ou m\u00eame effac\u00e9es \u00e0 la demande de la personne concern\u00e9e.<\/li><\/ul><p>L'exercice de ces droits se fait selon les modalit\u00e9s d\u00e9finies dans notre <a href=\"https:\/\/biomedico.mailbox-marketing10.be\/privacy-beleid\/\">D\u00e9claration de confidentialit\u00e9<\/a>. De plus amples informations sur les droits des visiteurs sont \u00e9galement disponibles sur le site Internet de la Commission europ\u00e9enne. <a href=\"https:\/\/biomedico.mailbox-marketing10.be\/privacy-beleid\/\">D\u00e9claration de confidentialit\u00e9<\/a>. <br \/>Si, apr\u00e8s avoir lu la pr\u00e9sente d\u00e9claration, vous avez encore des questions ou des commentaires concernant les cookies, vous pouvez toujours nous contacter \u00e0 l'adresse suivante <a href=\"mailto:info@biomedico.be\">info@biomedico.be<\/a>.<\/p>\t\t\t\t\t\t\t\t<\/div>\n\t\t\t\t<\/div>\n\t\t\t\t\t<\/div>\n\t\t\t\t<\/div>\n\t\t\t\t<\/div>","protected":false},"excerpt":{"rendered":"<p>Cookie beleid 1. Cookies Cookies zijn kleine data- of tekstbestanden die door websites en applicaties op uw lokale computer worden geplaatst. Dergelijke cookies kunnen verschillende doeleinden hebben: er zijn technische cookies (bijvoorbeeld voor het bijhouden van taalinstellingen), sessiecookies (tijdelijke cookies die verlopen na \u00e9\u00e9n sessie) en tracking cookies (cookies die uw gedrag op het internet [&hellip;]<\/p>\n","protected":false},"author":1,"featured_media":0,"parent":0,"menu_order":0,"comment_status":"closed","ping_status":"closed","template":"","meta":{"_seopress_robots_primary_cat":"","_seopress_titles_title":"","_seopress_titles_desc":"","_seopress_robots_index":"","iawp_total_views":4,"footnotes":""},"type-header":[],"class_list":["post-60","page","type-page","status-publish","hentry"],"_links":{"self":[{"href":"https:\/\/www.bumacogroup.be\/fr\/wp-json\/wp\/v2\/pages\/60","targetHints":{"allow":["GET"]}}],"collection":[{"href":"https:\/\/www.bumacogroup.be\/fr\/wp-json\/wp\/v2\/pages"}],"about":[{"href":"https:\/\/www.bumacogroup.be\/fr\/wp-json\/wp\/v2\/types\/page"}],"author":[{"embeddable":true,"href":"https:\/\/www.bumacogroup.be\/fr\/wp-json\/wp\/v2\/users\/1"}],"replies":[{"embeddable":true,"href":"https:\/\/www.bumacogroup.be\/fr\/wp-json\/wp\/v2\/comments?post=60"}],"version-history":[{"count":3,"href":"https:\/\/www.bumacogroup.be\/fr\/wp-json\/wp\/v2\/pages\/60\/revisions"}],"predecessor-version":[{"id":128,"href":"https:\/\/www.bumacogroup.be\/fr\/wp-json\/wp\/v2\/pages\/60\/revisions\/128"}],"wp:attachment":[{"href":"https:\/\/www.bumacogroup.be\/fr\/wp-json\/wp\/v2\/media?parent=60"}],"wp:term":[{"taxonomy":"type-header","embeddable":true,"href":"https:\/\/www.bumacogroup.be\/fr\/wp-json\/wp\/v2\/type-header?post=60"}],"curies":[{"name":"wp","href":"https:\/\/api.w.org\/{rel}","templated":true}]}}